{"id":2221,"date":"2024-09-27T14:04:05","date_gmt":"2024-09-27T12:04:05","guid":{"rendered":"https:\/\/unicalamps.it\/?page_id=2221"},"modified":"2024-10-30T12:02:47","modified_gmt":"2024-10-30T11:02:47","slug":"termini-e-condizioni-duso","status":"publish","type":"page","link":"https:\/\/unicalamps.it\/home\/termini-e-condizioni-duso\/","title":{"rendered":"Termini e condizioni d&#8217;uso"},"content":{"rendered":"<pre class=\"wp-block-preformatted\">Note generali<br>unicalamps.it \u00e8 un sito organizzato per l\u2019esposizione e la vendita online di propriet\u00e0 di UnicaLamps con sede in Italia. Il Materiale presente su questo sito ed i prodotti offerti sono protetti dalla legge internazionale su trademarks e copyrights e i diritti di uso sono dei rispettivi proprietari. L'uso delle foto dei prodotti presenti sul sito e scattate da UnicaLamps \u00e8 severamente vietato per qualsiasi uso commerciale senza precedente richiesta di permesso e approvazione scritta. Effettuando un ordine su unicalamps.it, si accettano tutti i Termini di Condizione d'acquisto e di vendita, qui sotto riportati.<br><br>Registrazione<br> Per effettuare un acquisto \u00e8 necessario mettere almeno un prodotto nel carrello ed effettuare la registrazione scegliendo poi il metodo di pagamento preferito. Qualora si decidesse per effettuare la registrazione sul sito, si potr\u00e0 anche scegliere se ricevere la nostra newsletter, pensata per proporre periodicamente nuove offerte e promozioni.<br><br>Condizioni d'acquisto<br>E' possibile acquistare sul sito gli articoli esposti e pagare in diverse modalit\u00e0:<br><br>    Carta di Credito \u2013 unicalamps.it utilizza il sistema di pagamento di PayPal per i pagamenti su Internet con carta di credito (sono accettate tutte le carte dei circuiti Visa, Visa Electron, Mastercard, Postepay, American Express, Carta Aura). Il sistema non richiede la registrazione obbligatoria a PayPal e le informazioni inserite relativamente ai dati della sua carta di credito verranno inviate a PayPal attraverso un server sicuro che utilizza il protocollo SSL3 a 128 bit, lo standard di sicurezza pi\u00f9 elevato per l'invio di informazioni sensibili attraverso la rete Internet. Il protocollo SSL \u00e8 emesso, certificato e garantito da Verisign: www.verisign.com Pertanto, i dati relativi alla carta di credito vengono processati esclusivamente da PayPal per i controlli necessari ad autorizzare il pagamento on line. unicalamps.it quindi non avr\u00e0 accesso ai dati relativi alla carta di credito, ma gestir\u00e0 solo i dati dell'acquirente (nome, cognome, indirizzo...) necessari all'invio dei prodotti all'indirizzo indicato dal cliente e alla fatturazione degli stessi. PayPal consente a chiunque possieda un indirizzo email di inviare e ricevere pagamenti online in modo facile, veloce e sicuro. Creando un conto PayPal inserisci la tua carta di credito una sola volta e paghi con fiducia i tuoi acquisti online senza doverla digitare nuovamente in ogni transazione.<br><br>      Bonifico \u2013 I dati per effettuare il bonifico saranno comunicati nella mail di conferma d\u2019ordine. Il Bonifico dovr\u00e0 essere effettuato entro e non oltre 5 giorni dalla data d'acquisto. Superato il limite di 5 giorni, l'ordine d'acquisto non sar\u00e0 pi\u00f9 ritenuto valido, e tutti gli oggetti verranno rimessi in vendita. Nella causale del bonifico si prega di inserire il numero d\u2019ordine presente nella mail di conferma d\u2019ordine. In mancanza di tale indicazione la spedizione potrebbe subire dei ritardi. La spedizione verr\u00e0 avviata solo dopo aver ricevuto l\u2019accredito, vale a dire dopo 2\/3gg necessari al servizio bancario per portare a termine la procedura.<br><br>    Carta di credito con UBI BANCA  - unicalamps.it utilizza il sistema di pagamento con carta di credito  a mezzo  (sono accettate tutte le carte dei circuiti Visa, Visa Electron, Mastercard, Postepay, American Express, Carta Aura). Il pagamento avviene su server sicuro di Banca Intesa, Dopo il pagamento quest'ultima conferma al nostro negozio la transazione avvenuta.<br><br>In caso di informazioni mancanti nell'indirizzo di spedizione, UnicaLamps prover\u00e0 a contattare l'acquirente attraverso i dati forniti (email, telefono, cellulare) per ottenere tali informazioni, causando un consequenziale piccolo ritardo nella spedizione.<br><br>    Contrassegno \u2013 Il pagamento in contrassegno \u00e8 possibile per importi fino a \u20ac1000. L'importo del contrassegno verr\u00e0 calcolato in fase di ordine, a seconda dell'importo del carrello. Il corriere accetta solo contanti. Non \u00e8 possibile pagare al corriere con assegno bancario o tramite carta di credito. Il corriere in caso di pagamento per contanti, non da resto; si prega quindi di preparare l'importo preciso.<br><br>Recesso<br>(Rif. Art.5 D.Lgs n.185 del 22\/05\/99, attuazione della direttiva 97\/7\/ce, relativa alla protezione dei consumatori in materia di contratti a distanza). Gli acquisti conclusi su unicalamps.it sono regolati dal Decreto Legislativo 185 del 22 maggio 1999. L'acquirente pu\u00f2 recedere dal contratto tramite comunicazione scritta a mezzo e-mail da inviare a UnicaLamps entro 7 giorni lavorativi dal ricevimento della merce. Il cliente dovr\u00e0 provvedere, a proprie spese, al ritorno della merce, utilizzando l'imballo originale, entro 7 giorni lavorativi dalla data di ricevimento della stessa. La merce sar\u00e0 visionata e, se trovata integra e priva di qualsiasi danno (non utilizzata), verr\u00e0 riaccreditato l'importo nella modalit\u00e0 richiesta dall'acquirente (bonifico, vaglia postale, etc) o sostituita con altri prodotti a scelta del cliente tra quelli presenti all'interno del sito internet. Si precisa che nel caso di restituzione della merce verr\u00e0 addebitato un importo pari a \u20ac 10,00 (spese forfait per spedizione inviata). In ogni caso l'eventuale rimborso avverr\u00e0 nel tempo pi\u00f9 rapido possibile e comunque, non oltre 15 giorni lavorativi dalla comunicazione di recesso, naturalmente previo ricevimento della merce (se il pagamento \u00e8 stato fatto a mezzo Paypal, potr\u00e0 essere riaccreditato solo a mezzo Paypal, direttamente sulla carta del cliente). Per nessuna ragione la merce di ritorno dovr\u00e0 essere inviata in contrassegno: in questo caso sar\u00e0 inderogabilmente respinta. Raccomandiamo in ogni caso al cliente di contattarci via e-mail o telefonicamente al numero che verr\u00e0 fornito successivamente per facilitare la procedura. Non \u00e8 possibile effettuare il reso di oggetti ordinati su misura o modificati su richiesta del cliente.<br><br>Spedizione<br>    unicalamps.it si impegna a spedire gli articoli acquistati entro 3 giorni lavorativi dalla data di acquisto, sempre nel caso in cui non vi siano problemi relativi all'indirizzo di spedizione (Informazioni errate o mancanti).<br><br>    unicalamps.it si riserva il diritto di ritardare le spedizioni in periodi di festivit\u00e0 (es: Natale) caratterizzate da intenso traffico per gli spedizionieri.<br><br>    Tutti i prodotti elencati in questo sito (se non diversamente specificato) il cui tasto Aggiungi al carrello \u00e8 cliccabile, sono disponibili fisicamente nel nostro magazzino. Nel caso in cui la merce ordinata non sia pi\u00f9 disponibile per motivi particolari, unicalamps.it contatter\u00e0 l'acquirente (tramite email, telefono, cellulare) comunicando il possibile ritardo della spedizione. L'acquirente a quel punto, potr\u00e0 decidere se continuare e concludere l'acquisto, o se richiedere il rimborso totale delle spese da lui sostenute (Pagamento con Carta di Credito, Bonifico gi\u00e0 effettuato, etc.).<br><br>    La spedizione all\u2019interno del territorio italiano \u00e8 sempre gratuita con un ordine d'acquisto superiore a \u20ac 90,00. Vedere comunque la sezione Costi di Spedizione per maggiori chiarimenti.<br><br>    Nel giorno della spedizione, quando la merce ordinata viene consegnata al corriere, verr\u00e0 inviata una mail con il tracking della spedizione grazie al quale sar\u00e0 possibile monitorare la spedizione stessa direttamente online.<br><br>    Per importi superiori a \u20ac90,00 la merce viagger\u00e0 sempre assicurata, garantendo cos\u00ec sia il cliente che UnicaLamps.<br><br>Cambio Indirizzo Spedizione<br><br>Se durante l'acquisto vi siete accorti di aver sbagliato l\u2019indirizzo di spedizione, mandate subito una mail a info@unicalamps.it. Provvederemo a cambiare l'indirizzo sempre che il pacco non sia gi\u00e0 in viaggio. Vi preghiamo di inserire sempre l\u2019indirizzo di spedizione completo. Per gli acquisti effettuati con pagamento a mezzo Paypal, la spedizione pu\u00f2 avvenire esclusivamente all'indirizzo specificato dal cliente durante l'operazione di pagamento.<br><br>Spedizionieri<br>unicalamps.it effettua spedizioni assicurate nazionali e internazionali tramite DHL o GLS. Per i costi si prega di vedere l\u2019apposita sezione Costi di Spedizione.<br><br>Disponibilit\u00e0 prodotti<br>L'aggiornamento delle disponibilit\u00e0 avviene circa ogni 24\/48 ore per cui pu\u00f2 accadere che un prodotto sia stato venduto durante questo lasso di tempo ed il sistema non lo riporti. Nel caso non sia possibile coprire una parte o l'intero ordine, unicalamps.it provveder\u00e0 a darne comunicazione celere al cliente per ricevere l'autorizzazione per procedere all'evasione parziale dell'ordine oppure al rimborso dell'eventuale somma gi\u00e0 versata. In caso di consegna parziale il cliente verr\u00e0 avvisato sulla data presunta dell'arrivo dei prodotti mancanti.<br><br>Garanzia Prodotti<br>UnicaLamps \u00e8 concessionario ufficiale di tutti i Brands relativi ai prodotti che trovate su questo sito. Trovate in vendita solo prodotti originali e acquistati regolarmente dalle rispettive case produttrici. Tutti i prodotti nuovi godono della garanzia della casa produttrice come norma di legge,<br><br>Nuovo<br>Tutti i prodotti presenti nel sito sono nuovi, eventuali imperfezioni o difformit\u00e0 sono la garanzia di un prodotto fatto a mano.<br><br>Disposizioni fiscali e Fatture<br>Tutti i prezzi esposti nel sito sono comprensivi di IVA.<br><br>Varie<br><br>UnicaLamps si riserva il diritto di variare, anche senza preavviso, Termini e condizioni inserite in questa pagina.<br><br>Note legali<br>I testi, le informazioni e gli altri dati pubblicati in questo sito nonch\u00e8 i link ad altri siti presenti sul web hanno esclusivamente scopo informativo e non assumono alcun carattere di ufficialit\u00e0. Non si assume alcuna responsabilit\u00e0 per eventuali errori od omissioni di qualsiasi tipo e per qualunque tipo di danno diretto, indiretto o accidentale derivante dalla lettura o dall'impiego delle informazioni pubblicate, o di qualsiasi forma di contenuto presente nel sito o per l'accesso o l'uso del materiale contenuto in altri siti.<\/pre>","protected":false},"excerpt":{"rendered":"<p>Note generaliunicalamps.it \u00e8 un sito organizzato per l\u2019esposizione e la vendita online di propriet\u00e0 di UnicaLamps con sede in Italia. Il Materiale presente su questo sito ed i prodotti offerti sono protetti dalla legge internazionale su trademarks e copyrights e i diritti di uso sono dei rispettivi proprietari. L&#8217;uso delle foto dei prodotti presenti sul [&hellip;]<\/p>\n","protected":false},"author":1,"featured_media":0,"parent":0,"menu_order":0,"comment_status":"closed","ping_status":"closed","template":"","meta":{"_uag_custom_page_level_css":"","site-sidebar-layout":"default","site-content-layout":"","ast-site-content-layout":"default","site-content-style":"default","site-sidebar-style":"default","ast-global-header-display":"","ast-banner-title-visibility":"","ast-main-header-display":"","ast-hfb-above-header-display":"","ast-hfb-below-header-display":"","ast-hfb-mobile-header-display":"","site-post-title":"","ast-breadcrumbs-content":"","ast-featured-img":"","footer-sml-layout":"","ast-disable-related-posts":"","theme-transparent-header-meta":"","adv-header-id-meta":"","stick-header-meta":"","header-above-stick-meta":"","header-main-stick-meta":"","header-below-stick-meta":"","astra-migrate-meta-layouts":"set","ast-page-background-enabled":"default","ast-page-background-meta":{"desktop":{"background-color":"var(--ast-global-color-4)","background-image":"","background-repeat":"repeat","background-position":"center center","background-size":"auto","background-attachment":"scroll","background-type":"","background-media":"","overlay-type":"","overlay-color":"","overlay-opacity":"","overlay-gradient":""},"tablet":{"background-color":"","background-image":"","background-repeat":"repeat","background-position":"center center","background-size":"auto","background-attachment":"scroll","background-type":"","background-media":"","overlay-type":"","overlay-color":"","overlay-opacity":"","overlay-gradient":""},"mobile":{"background-color":"","background-image":"","background-repeat":"repeat","background-position":"center center","background-size":"auto","background-attachment":"scroll","background-type":"","background-media":"","overlay-type":"","overlay-color":"","overlay-opacity":"","overlay-gradient":""}},"ast-content-background-meta":{"desktop":{"background-color":"var(--ast-global-color-5)","background-image":"","background-repeat":"repeat","background-position":"center center","background-size":"auto","background-attachment":"scroll","background-type":"","background-media":"","overlay-type":"","overlay-color":"","overlay-opacity":"","overlay-gradient":""},"tablet":{"background-color":"var(--ast-global-color-5)","background-image":"","background-repeat":"repeat","background-position":"center center","background-size":"auto","background-attachment":"scroll","background-type":"","background-media":"","overlay-type":"","overlay-color":"","overlay-opacity":"","overlay-gradient":""},"mobile":{"background-color":"var(--ast-global-color-5)","background-image":"","background-repeat":"repeat","background-position":"center center","background-size":"auto","background-attachment":"scroll","background-type":"","background-media":"","overlay-type":"","overlay-color":"","overlay-opacity":"","overlay-gradient":""}},"footnotes":""},"class_list":["post-2221","page","type-page","status-publish","hentry"],"jetpack_sharing_enabled":true,"uagb_featured_image_src":{"full":false,"thumbnail":false,"medium":false,"medium_large":false,"large":false,"1536x1536":false,"2048x2048":false,"woocommerce_thumbnail":false,"woocommerce_single":false,"woocommerce_gallery_thumbnail":false},"uagb_author_info":{"display_name":"mimmo","author_link":"https:\/\/unicalamps.it\/home\/author\/mimmo\/"},"uagb_comment_info":0,"uagb_excerpt":"Note generaliunicalamps.it \u00e8 un sito organizzato per l\u2019esposizione e la vendita online di propriet\u00e0 di UnicaLamps con sede in Italia. Il Materiale presente su questo sito ed i prodotti offerti sono protetti dalla legge internazionale su trademarks e copyrights e i diritti di uso sono dei rispettivi proprietari. L'uso delle foto dei prodotti presenti sul&hellip;","_links":{"self":[{"href":"https:\/\/unicalamps.it\/home\/wp-json\/wp\/v2\/pages\/2221","targetHints":{"allow":["GET"]}}],"collection":[{"href":"https:\/\/unicalamps.it\/home\/wp-json\/wp\/v2\/pages"}],"about":[{"href":"https:\/\/unicalamps.it\/home\/wp-json\/wp\/v2\/types\/page"}],"author":[{"embeddable":true,"href":"https:\/\/unicalamps.it\/home\/wp-json\/wp\/v2\/users\/1"}],"replies":[{"embeddable":true,"href":"https:\/\/unicalamps.it\/home\/wp-json\/wp\/v2\/comments?post=2221"}],"version-history":[{"count":3,"href":"https:\/\/unicalamps.it\/home\/wp-json\/wp\/v2\/pages\/2221\/revisions"}],"predecessor-version":[{"id":2324,"href":"https:\/\/unicalamps.it\/home\/wp-json\/wp\/v2\/pages\/2221\/revisions\/2324"}],"wp:attachment":[{"href":"https:\/\/unicalamps.it\/home\/wp-json\/wp\/v2\/media?parent=2221"}],"curies":[{"name":"wp","href":"https:\/\/api.w.org\/{rel}","templated":true}]}}