{"id":2224,"date":"2024-09-27T14:08:29","date_gmt":"2024-09-27T12:08:29","guid":{"rendered":"https:\/\/unicalamps.it\/?page_id=2224"},"modified":"2024-10-30T19:00:15","modified_gmt":"2024-10-30T18:00:15","slug":"privacy-policy-2","status":"publish","type":"page","link":"https:\/\/unicalamps.it\/home\/privacy-policy-2\/","title":{"rendered":"Privacy policy"},"content":{"rendered":"<pre class=\"wp-block-preformatted\">PRIVACY POLICY \u2013 Informativa relativa al trattamento dei dati personali<br>Informativa ai sensi e per gli effetti di cui all\u2019art. 13 e ss. del Regolamento UE n. 679\/2016 del 27 aprile 2016, (General Data Protection Regulation \u2013 G.D.P.R.) \u201crelativo alla protezione delle persone fisiche con riguardo al trattamento dei dati personali, nonch\u00e9 alla libera circolazione di tali dati e che abroga la direttiva 95\/46\/CE (regolamento generale sulla protezione dei dati)\u201d<br>Ai sensi e per gli effetti di cui all\u2019art. 13 del Regolamento UE n. 679\/2016 vi informiamo di quanto segue.<br>Attuando la procedura di registrazione ai nostri servizi, gli utenti comunicano volontariamente UnicaLamps, Titolare del trattamento, i propri dati personali.<br>I dati personali inviati saranno trattati nel rispetto dei principi di protezione dei dati personali stabiliti dal Regolamento UE n. 679\/2016 e dalle altre norme vigenti in materia.<br>Il conferimento dei dati \u00e0 facoltativo, tuttavia, il mancato conferimento dei dati ritenuti obbligatori (contrassegnati con il segno *) impedir\u00e0 la corretta registrazione ai siti, nonch\u00e9 la possibilit\u00e0 di fruire dei servizi riservati agli utenti registrati.<br>Titolare, Responsabile della Protezione dei dati e Responsabili del trattamento dei dati<br>Il Titolare del trattamento \u00e8 UnicaLamps (di seguito anche il \u201cTitolare del trattamento\u201d) e pu\u00f2 essere contattato mediante<br>comunicazione email da inviarsi tramite: info@unicalamps.it<br>Il Responsabile della Protezione dei dati, nominato dal Titolare del trattamento pu\u00f2 essere contattato via e-mail al seguente indirizzo: info@unicalampsit.<br>L\u2019elenco aggiornato dei responsabili nominati dal Titolare ai sensi dell\u2019art.28 del Regolamento UE citato e delle persone autorizzate al trattamento \u00e0 consultabile presso la sede di UnicaLamps.<br>Finalit\u00e0 e modalit\u00e0 del trattamento dei dati<br>I dati personali raccolti con la registrazione o iscrizione ai nostri siti sono trattati al fine di consentire l\u2019accesso ai prodotti, ai servizi e ai contenuti riservati agli utenti registrati.<br>Nel caso in cui l\u2019utente abbia espresso il consenso al momento dell\u2019attivazione del servizio, o lo esprima successivamente e fino alla revoca dello stesso, i suoi dati personali potranno essere trattati da per:<br>consentire l\u2019accesso a prodotti, servizi e contenuti;<br>inviare, nel caso in cui gli utenti abbiano espresso il consenso al momento dell\u2019attivazione del servizio, o lo esprimano successivamente, e fino alla revoca dello stesso, comunicazioni di carattere commerciale su prodotti e servizi propri o di societ\u00e0 terze, anche con modalit\u00e0 automatizzate, per finalit\u00e0 di vendita diretta, nonch\u00e9 per l\u2019invio di ricerche di mercato e per la verifica del grado di soddisfazione degli utenti;<br> effettuare, nel caso in cui gli utenti abbiano espresso il consenso al momento dell\u2019attivazione del servizio, o lo esprimano successivamente, e fino alla revoca dello stesso, anche mediante strumenti elettronici, attivit\u00e0 di analisi di specifici comportamenti e abitudini di consumo, in modo da migliorare i servizi forniti e indirizzare le proposte commerciali di interesse dell\u2019utente, offrendo anche a terzi i dati aggregati di riepilogo delle aperture e dei click ottenuti attraverso un sistema di tracciatura mediante \u201ccookie\u201d.<br> comunicare e cedere a terze parti i dati degli utenti, nel caso in cui gli stessi abbiano espresso il consenso al momento dell\u2019attivazione del servizio, o lo esprimano successivamente, e fino alla revoca dello stesso, per l\u2019invio di comunicazioni di carattere commerciale su prodotti e servizi di societ\u00e0 terze, anche con modalit\u00e0 automatizzate, per finalit\u00e0 di vendita diretta, nonch\u00e9 per l\u2019invio di ricerche di mercato; UnicaLamps utilizzer\u00e0, inoltre, i dati personali per finalit\u00e0 amministrative e contabili e per l\u2019esecuzione degli obblighi contrattuali nei confronti degli utenti che facciano parte della propria clientela.<br>I dati personali inviati mediante le procedure di registrazione a prodotti e servizi possono essere trattati da con strumenti automatizzati.<br>Resta ferma la possibilit\u00e0 per di trattare i predetti dati in forma aggregata, nel rispetto delle misure prescritte dall\u2019Autorit\u00e0 Garante e in virt\u00f9 dello specifico esonero dal consenso previsto dalla medesima, per analisi ed elaborazioni elettroniche (es.: classificazione dell\u2019intera clientela in categorie omogenee per livelli di servizi, consumi, spesa, ecc.) dirette a monitorare periodicamente lo sviluppo e l\u2019andamento economico delle attivit\u00e0, a orientare i relativi processi industriali e commerciali, a migliorare i servizi, nonch\u00e9 a progettare e realizzare le campagne di comunicazione commerciale.<br>Specifiche misure di sicurezza sono osservate per prevenire la perdita dei dati, usi illeciti, o non corretti, e accessi non autorizzati.<br>I dati personali sono registrati e custoditi su database elettronici situati in Italia, in Paesi appartenenti allo Spazio Economico Europeo (SEE) e in Paesi terzi che garantiscono un adeguato livello di protezione dei dati.<br>Il trattamento dei dati personali forniti dagli utenti potr\u00e0 essere effettuato anche da societ\u00e0, enti o consorzi, nominati responsabili del trattamento ai sensi dell\u2019art. 28 del Regolamento UE citato, che, per conto di Alkimia di Domenico Petronella, forniscono specifici servizi elaborativi, o attivit\u00e0 connesse, strumentali o di supporto.<br>(Eventuale)<br>I dati personali forniti dagli utenti potranno essere, inoltre, comunicati:<br>a societ\u00e0 partecipate o collegate;<br> a soggetti ai quali la facolt\u00e0 di accedere ai dati personali sia riconosciuta da disposizioni di legge, da regolamenti o dalla normativa comunitaria;<br> a soggetti nei confronti dei quali la comunicazione sia prevista da norme di legge o di regolamento, ovvero da soggetti pubblici per lo svolgimento delle loro funzioni istituzionali.<br>Il periodo di conservazione dei dati personali di cui sopra \u00e0 in linea con le previsioni normative vigenti.<br>Diritti dell\u2019interessato<br>L\u2019 interessato ha il diritto di chiedere l\u2019accesso ai dati personali che lo riguardano, nonch\u00e9 la rettifica, la cancellazione, la limitazione, l\u2019opposizione al loro trattamento, se effettuato in modo automatizzato sulla base del consenso o per l\u2019esecuzione del contratto.<br>L\u2019interessato ha il diritto di revocare il consenso in qualsiasi momento senza pregiudicare la liceit\u00e0 del trattamento basata sul consenso prestato prima della revoca. L\u2019interessato ha il diritto di proporre reclamo all\u2019Autorit\u00e0 Garante per il trattamento dei dati personali, ai sensi dell\u2019art. 77 del Regolamento UE 679\/2016.<br><\/pre>","protected":false},"excerpt":{"rendered":"<p>PRIVACY POLICY \u2013 Informativa relativa al trattamento dei dati personaliInformativa ai sensi e per gli effetti di cui all\u2019art. 13 e ss. del Regolamento UE n. 679\/2016 del 27 aprile 2016, (General Data Protection Regulation \u2013 G.D.P.R.) \u201crelativo alla protezione delle persone fisiche con riguardo al trattamento dei dati personali, nonch\u00e9 alla libera circolazione di [&hellip;]<\/p>\n","protected":false},"author":1,"featured_media":0,"parent":0,"menu_order":0,"comment_status":"closed","ping_status":"closed","template":"","meta":{"_uag_custom_page_level_css":"","site-sidebar-layout":"default","site-content-layout":"","ast-site-content-layout":"default","site-content-style":"default","site-sidebar-style":"default","ast-global-header-display":"","ast-banner-title-visibility":"","ast-main-header-display":"","ast-hfb-above-header-display":"","ast-hfb-below-header-display":"","ast-hfb-mobile-header-display":"","site-post-title":"","ast-breadcrumbs-content":"","ast-featured-img":"","footer-sml-layout":"","ast-disable-related-posts":"","theme-transparent-header-meta":"","adv-header-id-meta":"","stick-header-meta":"","header-above-stick-meta":"","header-main-stick-meta":"","header-below-stick-meta":"","astra-migrate-meta-layouts":"set","ast-page-background-enabled":"default","ast-page-background-meta":{"desktop":{"background-color":"var(--ast-global-color-4)","background-image":"","background-repeat":"repeat","background-position":"center center","background-size":"auto","background-attachment":"scroll","background-type":"","background-media":"","overlay-type":"","overlay-color":"","overlay-opacity":"","overlay-gradient":""},"tablet":{"background-color":"","background-image":"","background-repeat":"repeat","background-position":"center center","background-size":"auto","background-attachment":"scroll","background-type":"","background-media":"","overlay-type":"","overlay-color":"","overlay-opacity":"","overlay-gradient":""},"mobile":{"background-color":"","background-image":"","background-repeat":"repeat","background-position":"center center","background-size":"auto","background-attachment":"scroll","background-type":"","background-media":"","overlay-type":"","overlay-color":"","overlay-opacity":"","overlay-gradient":""}},"ast-content-background-meta":{"desktop":{"background-color":"var(--ast-global-color-5)","background-image":"","background-repeat":"repeat","background-position":"center center","background-size":"auto","background-attachment":"scroll","background-type":"","background-media":"","overlay-type":"","overlay-color":"","overlay-opacity":"","overlay-gradient":""},"tablet":{"background-color":"var(--ast-global-color-5)","background-image":"","background-repeat":"repeat","background-position":"center center","background-size":"auto","background-attachment":"scroll","background-type":"","background-media":"","overlay-type":"","overlay-color":"","overlay-opacity":"","overlay-gradient":""},"mobile":{"background-color":"var(--ast-global-color-5)","background-image":"","background-repeat":"repeat","background-position":"center center","background-size":"auto","background-attachment":"scroll","background-type":"","background-media":"","overlay-type":"","overlay-color":"","overlay-opacity":"","overlay-gradient":""}},"footnotes":""},"class_list":["post-2224","page","type-page","status-publish","hentry"],"jetpack_sharing_enabled":true,"uagb_featured_image_src":{"full":false,"thumbnail":false,"medium":false,"medium_large":false,"large":false,"1536x1536":false,"2048x2048":false,"woocommerce_thumbnail":false,"woocommerce_single":false,"woocommerce_gallery_thumbnail":false},"uagb_author_info":{"display_name":"mimmo","author_link":"https:\/\/unicalamps.it\/home\/author\/mimmo\/"},"uagb_comment_info":0,"uagb_excerpt":"PRIVACY POLICY \u2013 Informativa relativa al trattamento dei dati personaliInformativa ai sensi e per gli effetti di cui all\u2019art. 13 e ss. del Regolamento UE n. 679\/2016 del 27 aprile 2016, (General Data Protection Regulation \u2013 G.D.P.R.) \u201crelativo alla protezione delle persone fisiche con riguardo al trattamento dei dati personali, nonch\u00e9 alla libera circolazione di&hellip;","_links":{"self":[{"href":"https:\/\/unicalamps.it\/home\/wp-json\/wp\/v2\/pages\/2224","targetHints":{"allow":["GET"]}}],"collection":[{"href":"https:\/\/unicalamps.it\/home\/wp-json\/wp\/v2\/pages"}],"about":[{"href":"https:\/\/unicalamps.it\/home\/wp-json\/wp\/v2\/types\/page"}],"author":[{"embeddable":true,"href":"https:\/\/unicalamps.it\/home\/wp-json\/wp\/v2\/users\/1"}],"replies":[{"embeddable":true,"href":"https:\/\/unicalamps.it\/home\/wp-json\/wp\/v2\/comments?post=2224"}],"version-history":[{"count":4,"href":"https:\/\/unicalamps.it\/home\/wp-json\/wp\/v2\/pages\/2224\/revisions"}],"predecessor-version":[{"id":2337,"href":"https:\/\/unicalamps.it\/home\/wp-json\/wp\/v2\/pages\/2224\/revisions\/2337"}],"wp:attachment":[{"href":"https:\/\/unicalamps.it\/home\/wp-json\/wp\/v2\/media?parent=2224"}],"curies":[{"name":"wp","href":"https:\/\/api.w.org\/{rel}","templated":true}]}}