{"id":2228,"date":"2024-09-27T14:14:45","date_gmt":"2024-09-27T12:14:45","guid":{"rendered":"https:\/\/unicalamps.it\/?page_id=2228"},"modified":"2024-12-09T10:47:40","modified_gmt":"2024-12-09T09:47:40","slug":"spedizioni","status":"publish","type":"page","link":"https:\/\/unicalamps.it\/home\/spedizioni\/","title":{"rendered":"Spedizioni"},"content":{"rendered":"<pre class=\"wp-block-preformatted\">Costi Spedizione &amp; Tempi<br>Tutti i nostri metodi di spedizione offerti sono \"tracciabili\" con GLS,BRT, Poste Italiane  quindi, possono essere costantemente seguiti durante le varie tappe della spedizione.<br>I tempi di consegna sono di 24\/48h per i giorni lavorativi per la parte peninsulare del territorio Italiano<br>Per Sardegna, Sicilia e isole minori sono di 48h.<br>Questi tempi sono stimati e non comprensivi dei nostri tempi di preparazione dell'ordine.<br>Elaboriamo tutti gli ordini dalle 9.00 alle 15.30, dal Luned\u00ec al Venerd\u00ec. Il Sabato e Domenica siamo chiusi.<br>Il costo della spedizione \u00e8 di Euro 8,00 per ordini inferiori ai 90,00 euro di imponibile.<br>Per ordini superiori ai 90,00 euro di imponibile la spedizione \u00e8 totalmente gratuita<strong>.<\/strong><br>Il costo del contrassegno \u00e8 di Euro 3,90.<br>Per le spedizioni in Europa il costo della spedizione \u00e8 pari a Euro 20,00 nei paesi extra Cee il costo sar\u00e0 da valutare. <br><br>Note:<br>Assicuratevi sempre che il pacco sia integro prima di firmare, in caso contrario firmate con riserva scrivendo esattamente \"ACCETTATO CON RISERVA PER COLLO DANNEGGIATO\".<\/pre>","protected":false},"excerpt":{"rendered":"<p>Costi Spedizione &amp; TempiTutti i nostri metodi di spedizione offerti sono &#8220;tracciabili&#8221; con GLS,BRT, Poste Italiane quindi, possono essere costantemente seguiti durante le varie tappe della spedizione.I tempi di consegna sono di 24\/48h per i giorni lavorativi per la parte peninsulare del territorio ItalianoPer Sardegna, Sicilia e isole minori sono di 48h.Questi tempi sono stimati [&hellip;]<\/p>\n","protected":false},"author":1,"featured_media":0,"parent":0,"menu_order":0,"comment_status":"closed","ping_status":"closed","template":"","meta":{"_uag_custom_page_level_css":"","site-sidebar-layout":"default","site-content-layout":"","ast-site-content-layout":"default","site-content-style":"default","site-sidebar-style":"default","ast-global-header-display":"","ast-banner-title-visibility":"","ast-main-header-display":"","ast-hfb-above-header-display":"","ast-hfb-below-header-display":"","ast-hfb-mobile-header-display":"","site-post-title":"","ast-breadcrumbs-content":"","ast-featured-img":"","footer-sml-layout":"","ast-disable-related-posts":"","theme-transparent-header-meta":"","adv-header-id-meta":"","stick-header-meta":"","header-above-stick-meta":"","header-main-stick-meta":"","header-below-stick-meta":"","astra-migrate-meta-layouts":"set","ast-page-background-enabled":"default","ast-page-background-meta":{"desktop":{"background-color":"var(--ast-global-color-4)","background-image":"","background-repeat":"repeat","background-position":"center center","background-size":"auto","background-attachment":"scroll","background-type":"","background-media":"","overlay-type":"","overlay-color":"","overlay-opacity":"","overlay-gradient":""},"tablet":{"background-color":"","background-image":"","background-repeat":"repeat","background-position":"center center","background-size":"auto","background-attachment":"scroll","background-type":"","background-media":"","overlay-type":"","overlay-color":"","overlay-opacity":"","overlay-gradient":""},"mobile":{"background-color":"","background-image":"","background-repeat":"repeat","background-position":"center center","background-size":"auto","background-attachment":"scroll","background-type":"","background-media":"","overlay-type":"","overlay-color":"","overlay-opacity":"","overlay-gradient":""}},"ast-content-background-meta":{"desktop":{"background-color":"var(--ast-global-color-5)","background-image":"","background-repeat":"repeat","background-position":"center center","background-size":"auto","background-attachment":"scroll","background-type":"","background-media":"","overlay-type":"","overlay-color":"","overlay-opacity":"","overlay-gradient":""},"tablet":{"background-color":"var(--ast-global-color-5)","background-image":"","background-repeat":"repeat","background-position":"center center","background-size":"auto","background-attachment":"scroll","background-type":"","background-media":"","overlay-type":"","overlay-color":"","overlay-opacity":"","overlay-gradient":""},"mobile":{"background-color":"var(--ast-global-color-5)","background-image":"","background-repeat":"repeat","background-position":"center center","background-size":"auto","background-attachment":"scroll","background-type":"","background-media":"","overlay-type":"","overlay-color":"","overlay-opacity":"","overlay-gradient":""}},"footnotes":""},"class_list":["post-2228","page","type-page","status-publish","hentry"],"jetpack_sharing_enabled":true,"uagb_featured_image_src":{"full":false,"thumbnail":false,"medium":false,"medium_large":false,"large":false,"1536x1536":false,"2048x2048":false,"woocommerce_thumbnail":false,"woocommerce_single":false,"woocommerce_gallery_thumbnail":false},"uagb_author_info":{"display_name":"mimmo","author_link":"https:\/\/unicalamps.it\/home\/author\/mimmo\/"},"uagb_comment_info":0,"uagb_excerpt":"Costi Spedizione &amp; TempiTutti i nostri metodi di spedizione offerti sono \"tracciabili\" con GLS,BRT, Poste Italiane quindi, possono essere costantemente seguiti durante le varie tappe della spedizione.I tempi di consegna sono di 24\/48h per i giorni lavorativi per la parte peninsulare del territorio ItalianoPer Sardegna, Sicilia e isole minori sono di 48h.Questi tempi sono stimati&hellip;","_links":{"self":[{"href":"https:\/\/unicalamps.it\/home\/wp-json\/wp\/v2\/pages\/2228","targetHints":{"allow":["GET"]}}],"collection":[{"href":"https:\/\/unicalamps.it\/home\/wp-json\/wp\/v2\/pages"}],"about":[{"href":"https:\/\/unicalamps.it\/home\/wp-json\/wp\/v2\/types\/page"}],"author":[{"embeddable":true,"href":"https:\/\/unicalamps.it\/home\/wp-json\/wp\/v2\/users\/1"}],"replies":[{"embeddable":true,"href":"https:\/\/unicalamps.it\/home\/wp-json\/wp\/v2\/comments?post=2228"}],"version-history":[{"count":5,"href":"https:\/\/unicalamps.it\/home\/wp-json\/wp\/v2\/pages\/2228\/revisions"}],"predecessor-version":[{"id":2410,"href":"https:\/\/unicalamps.it\/home\/wp-json\/wp\/v2\/pages\/2228\/revisions\/2410"}],"wp:attachment":[{"href":"https:\/\/unicalamps.it\/home\/wp-json\/wp\/v2\/media?parent=2228"}],"curies":[{"name":"wp","href":"https:\/\/api.w.org\/{rel}","templated":true}]}}